{"id":88,"date":"2023-05-20T15:13:35","date_gmt":"2023-05-20T15:13:35","guid":{"rendered":"http:\/\/cagatayoney.com\/?page_id=88"},"modified":"2024-05-21T07:42:35","modified_gmt":"2024-05-21T07:42:35","slug":"hakkimda","status":"publish","type":"page","link":"https:\/\/cagatayoney.com\/?page_id=88","title":{"rendered":"Hakk\u0131mda"},"content":{"rendered":"\n<p>Merhaba! Ben bir Bilgisayar M\u00fchendisiyim ve Ondokuz May\u0131s \u00dcniversitesi&#8217;nden mezun oldum. \u00d6zellikle mobil uygulama geli\u015ftirme alan\u0131nda kendimi geli\u015ftirmeye devam ediyorum. Kariyerim boyunca farkl\u0131 projelerde \u00e7al\u0131\u015farak becerilerimi s\u00fcrekli geli\u015ftiriyor ve en son teknolojileri takip ederek kendimi g\u00fcncel tutmaya \u00f6zen g\u00f6steriyorum.<\/p>\n\n\n\n<p>\u0130\u015f deneyimlerime gelince, <a href=\"https:\/\/taptoweb.com\/anasayfa.html\">Taptoweb<\/a> \u015firketinde 3 ay boyunca React Native kullanarak mobil uygulama geli\u015ftirdim. Proje ekibiyle i\u015fbirli\u011fi yaparak, m\u00fc\u015fteri gereksinimlerini anlad\u0131k ve bu gereksinimleri etkileyici ve i\u015flevsel mobil uygulamalara d\u00f6n\u00fc\u015ft\u00fcrmek i\u00e7in \u00e7al\u0131\u015ft\u0131k.<\/p>\n\n\n\n<p>Daha sonra <a href=\"http:\/\/gdholding.com.tr\">GD Holding<\/a> \u015firketinde Flutter kullanarak mobil uygulama geli\u015ftirmeye devam ettim. Flutter&#8217;\u0131n h\u0131zl\u0131 geli\u015ftirme s\u00fcreci, zengin widget koleksiyonu ve performans avantajlar\u0131 sayesinde bu teknolojiye hayran kald\u0131m. GD Holding \u015firketindeki projelerde, kullan\u0131c\u0131 deneyimini \u00f6n planda tutarak \u015f\u0131k ve kullan\u0131\u015fl\u0131 uygulamalar tasarlamak i\u00e7in Flutter&#8217;\u0131n sundu\u011fu olanaklar\u0131 maksimum d\u00fczeyde kulland\u0131m. Firebase entegrasyonunu kullanarak kullan\u0131c\u0131 verilerini depolad\u0131k ve oturum y\u00f6netimi sa\u011flad\u0131k. Node.js ile yazd\u0131\u011f\u0131m cloud kodlar sayesinde uygulama ile sunucu aras\u0131nda ileti\u015fim kurduk ve veri i\u015flemlerini ger\u00e7ekle\u015ftirdik. Python kullanarak veritaban\u0131 i\u015flemlerini h\u0131zl\u0131ca ger\u00e7ekle\u015ftirdim. Ekip i\u00e7inde aktif olarak ileti\u015fim kurarak, proje hedeflerini ger\u00e7ekle\u015ftirmek i\u00e7in birlikte \u00e7al\u0131\u015ft\u0131k ve ba\u015far\u0131yla tamamlad\u0131k.<\/p>\n\n\n\n<p>\u015euan ise <a href=\"https:\/\/cerasus.app\">Cerasus Teknoloji<\/a> \u015firketinde Mobile Application Developer olarak \u00e7al\u0131\u015fmaya devam ediyorum. <\/p>\n\n\n\n<p>Benim i\u00e7in mobil uygulama geli\u015ftirme sadece bir i\u015f de\u011fil, ayn\u0131 zamanda bir tutku. S\u00fcrekli yeni \u015feyler \u00f6\u011frenmek, yenilik\u00e7i \u00e7\u00f6z\u00fcmler \u00fcretmek ve kullan\u0131c\u0131lar\u0131n hayat\u0131n\u0131 kolayla\u015ft\u0131racak mobil uygulamalar yaratmak benim i\u00e7in b\u00fcy\u00fck bir keyiftir.<\/p>\n\n\n\n<p>Bu sitemde, mobil uygulama geli\u015ftirme alan\u0131ndaki deneyimlerimi ve bilgilerimi payla\u015fmak istiyorum. Burada Flutter, Python, Firebase gibi kulland\u0131\u011f\u0131m pop\u00fcler \u00e7er\u00e7eveler hakk\u0131nda ipu\u00e7lar\u0131, geli\u015ftirme teknikleri ve en iyi uygulamalarla ilgili makaleler bulabilirsiniz. Ayr\u0131ca, genel olarak mobil uygulama geli\u015ftirme s\u00fcreciyle ilgili rehberlik ve ilham verici i\u00e7erikler de sunmay\u0131 hedefliyorum.<\/p>\n\n\n\n<p>E\u011fer siz de mobil uygulama geli\u015ftirmeyle ilgileniyorsan\u0131z veya bir proje i\u00e7in deste\u011fe ihtiyac\u0131n\u0131z varsa, sizi y\u00f6nlendirmek veya yard\u0131mc\u0131 olmak i\u00e7in buraday\u0131m.<\/p>\n\n\n\n<p>Te\u015fekk\u00fcr ederim ve siteme ho\u015f geldiniz!<\/p>\n\n\n\n<figure class=\"wp-block-image size-full is-resized\"><a href=\"https:\/\/www.linkedin.com\/in\/\u00e7a\u011fatay-\u00f6ney-186166180\/\"><img loading=\"lazy\" decoding=\"async\" width=\"512\" height=\"512\" src=\"http:\/\/cagatayoney.com\/wp-content\/uploads\/2023\/05\/linkedin.png\" alt=\"\" class=\"wp-image-97\" style=\"width:31px;height:31px\" srcset=\"https:\/\/cagatayoney.com\/wp-content\/uploads\/2023\/05\/linkedin.png 512w, https:\/\/cagatayoney.com\/wp-content\/uploads\/2023\/05\/linkedin-300x300.png 300w, https:\/\/cagatayoney.com\/wp-content\/uploads\/2023\/05\/linkedin-150x150.png 150w\" sizes=\"auto, (max-width: 512px) 100vw, 512px\" \/><\/a><\/figure>\n\n\n\n<p><\/p>\n\n\n\n<figure class=\"wp-block-image size-full is-resized\"><a href=\"https:\/\/github.com\/Cagatay0\"><img loading=\"lazy\" decoding=\"async\" width=\"240\" height=\"240\" src=\"https:\/\/cagatayoney.com\/wp-content\/uploads\/2023\/05\/github-mark.png\" alt=\"\" class=\"wp-image-197\" style=\"width:36px;height:36px\" srcset=\"https:\/\/cagatayoney.com\/wp-content\/uploads\/2023\/05\/github-mark.png 240w, https:\/\/cagatayoney.com\/wp-content\/uploads\/2023\/05\/github-mark-150x150.png 150w\" sizes=\"auto, (max-width: 240px) 100vw, 240px\" \/><\/a><\/figure>\n\n\n\n<p><\/p>\n\n\n\n<figure class=\"wp-block-image size-full is-resized\"><a href=\"https:\/\/www.youtube.com\/@cagatayoney\"><img loading=\"lazy\" decoding=\"async\" width=\"1024\" height=\"708\" src=\"https:\/\/cagatayoney.com\/wp-content\/uploads\/2023\/06\/YT.png\" alt=\"\" class=\"wp-image-256\" style=\"width:40px;height:27px\" srcset=\"https:\/\/cagatayoney.com\/wp-content\/uploads\/2023\/06\/YT.png 1024w, https:\/\/cagatayoney.com\/wp-content\/uploads\/2023\/06\/YT-300x207.png 300w, https:\/\/cagatayoney.com\/wp-content\/uploads\/2023\/06\/YT-768x531.png 768w\" sizes=\"auto, (max-width: 1024px) 100vw, 1024px\" \/><\/a><\/figure>\n\n\n\n<p><\/p>\n\n\n\n<p><\/p>\n","protected":false},"excerpt":{"rendered":"<p>Merhaba! Ben bir Bilgisayar M\u00fchendisiyim ve Ondokuz May\u0131s \u00dcniversitesi&#8217;nden mezun oldum. \u00d6zellikle mobil uygulama geli\u015ftirme alan\u0131nda kendimi geli\u015ftirmeye devam ediyorum. Kariyerim boyunca farkl\u0131 projelerde \u00e7al\u0131\u015farak becerilerimi s\u00fcrekli geli\u015ftiriyor ve en son teknolojileri takip ederek kendimi g\u00fcncel tutmaya \u00f6zen g\u00f6steriyorum. \u0130\u015f deneyimlerime gelince, Taptoweb \u015firketinde 3 ay boyunca React Native kullanarak [&hellip;]<\/p>\n","protected":false},"author":1,"featured_media":237,"parent":0,"menu_order":0,"comment_status":"closed","ping_status":"closed","template":"","meta":{"footnotes":""},"class_list":["post-88","page","type-page","status-publish","has-post-thumbnail","hentry"],"yoast_head":"<!-- This site is optimized with the Yoast SEO plugin v22.2 - https:\/\/yoast.com\/wordpress\/plugins\/seo\/ -->\n<title>Hakk\u0131mda - \u00c7a\u011fatay \u00d6ney<\/title>\n<meta name=\"robots\" content=\"index, follow, max-snippet:-1, max-image-preview:large, max-video-preview:-1\" \/>\n<link rel=\"canonical\" href=\"https:\/\/cagatayoney.com\/?page_id=88\" \/>\n<meta property=\"og:locale\" content=\"tr_TR\" \/>\n<meta property=\"og:type\" content=\"article\" \/>\n<meta property=\"og:title\" content=\"Hakk\u0131mda - \u00c7a\u011fatay \u00d6ney\" \/>\n<meta property=\"og:description\" content=\"Merhaba! Ben bir Bilgisayar M\u00fchendisiyim ve Ondokuz May\u0131s \u00dcniversitesi&#8217;nden mezun oldum. \u00d6zellikle mobil uygulama geli\u015ftirme alan\u0131nda kendimi geli\u015ftirmeye devam ediyorum. Kariyerim boyunca farkl\u0131 projelerde \u00e7al\u0131\u015farak becerilerimi s\u00fcrekli geli\u015ftiriyor ve en son teknolojileri takip ederek kendimi g\u00fcncel tutmaya \u00f6zen g\u00f6steriyorum. \u0130\u015f deneyimlerime gelince, Taptoweb \u015firketinde 3 ay boyunca React Native kullanarak [&hellip;]\" \/>\n<meta property=\"og:url\" content=\"https:\/\/cagatayoney.com\/?page_id=88\" \/>\n<meta property=\"og:site_name\" content=\"\u00c7a\u011fatay \u00d6ney\" \/>\n<meta property=\"article:modified_time\" content=\"2024-05-21T07:42:35+00:00\" \/>\n<meta property=\"og:image\" content=\"https:\/\/cagatayoney.com\/wp-content\/uploads\/2023\/06\/stylish-soft-blue-curve-lines-abstract-background-scaled.jpg\" \/>\n\t<meta property=\"og:image:width\" content=\"2560\" \/>\n\t<meta property=\"og:image:height\" content=\"1344\" \/>\n\t<meta property=\"og:image:type\" content=\"image\/jpeg\" \/>\n<meta name=\"twitter:card\" content=\"summary_large_image\" \/>\n<meta name=\"twitter:label1\" content=\"Tahmini okuma s\u00fcresi\" \/>\n\t<meta name=\"twitter:data1\" content=\"3 dakika\" \/>\n<script type=\"application\/ld+json\" class=\"yoast-schema-graph\">{\"@context\":\"https:\/\/schema.org\",\"@graph\":[{\"@type\":\"WebPage\",\"@id\":\"https:\/\/cagatayoney.com\/?page_id=88\",\"url\":\"https:\/\/cagatayoney.com\/?page_id=88\",\"name\":\"Hakk\u0131mda - \u00c7a\u011fatay \u00d6ney\",\"isPartOf\":{\"@id\":\"https:\/\/cagatayoney.com\/#website\"},\"primaryImageOfPage\":{\"@id\":\"https:\/\/cagatayoney.com\/?page_id=88#primaryimage\"},\"image\":{\"@id\":\"https:\/\/cagatayoney.com\/?page_id=88#primaryimage\"},\"thumbnailUrl\":\"https:\/\/cagatayoney.com\/wp-content\/uploads\/2023\/06\/stylish-soft-blue-curve-lines-abstract-background-scaled.jpg\",\"datePublished\":\"2023-05-20T15:13:35+00:00\",\"dateModified\":\"2024-05-21T07:42:35+00:00\",\"breadcrumb\":{\"@id\":\"https:\/\/cagatayoney.com\/?page_id=88#breadcrumb\"},\"inLanguage\":\"tr\",\"potentialAction\":[{\"@type\":\"ReadAction\",\"target\":[\"https:\/\/cagatayoney.com\/?page_id=88\"]}]},{\"@type\":\"ImageObject\",\"inLanguage\":\"tr\",\"@id\":\"https:\/\/cagatayoney.com\/?page_id=88#primaryimage\",\"url\":\"https:\/\/cagatayoney.com\/wp-content\/uploads\/2023\/06\/stylish-soft-blue-curve-lines-abstract-background-scaled.jpg\",\"contentUrl\":\"https:\/\/cagatayoney.com\/wp-content\/uploads\/2023\/06\/stylish-soft-blue-curve-lines-abstract-background-scaled.jpg\",\"width\":2560,\"height\":1344,\"caption\":\"stylish soft blue curve lines abstract background\"},{\"@type\":\"BreadcrumbList\",\"@id\":\"https:\/\/cagatayoney.com\/?page_id=88#breadcrumb\",\"itemListElement\":[{\"@type\":\"ListItem\",\"position\":1,\"name\":\"Anasayfa\",\"item\":\"https:\/\/cagatayoney.com\/\"},{\"@type\":\"ListItem\",\"position\":2,\"name\":\"Hakk\u0131mda\"}]},{\"@type\":\"WebSite\",\"@id\":\"https:\/\/cagatayoney.com\/#website\",\"url\":\"https:\/\/cagatayoney.com\/\",\"name\":\"\u00c7a\u011fatay \u00d6ney\",\"description\":\"Mobile Application Developer\",\"publisher\":{\"@id\":\"https:\/\/cagatayoney.com\/#\/schema\/person\/cc1feeedb5532cdba38ff10ec28b2bd3\"},\"potentialAction\":[{\"@type\":\"SearchAction\",\"target\":{\"@type\":\"EntryPoint\",\"urlTemplate\":\"https:\/\/cagatayoney.com\/?s={search_term_string}\"},\"query-input\":\"required name=search_term_string\"}],\"inLanguage\":\"tr\"},{\"@type\":[\"Person\",\"Organization\"],\"@id\":\"https:\/\/cagatayoney.com\/#\/schema\/person\/cc1feeedb5532cdba38ff10ec28b2bd3\",\"name\":\"\u00c7a\u011fatay \u00d6ney\",\"image\":{\"@type\":\"ImageObject\",\"inLanguage\":\"tr\",\"@id\":\"https:\/\/cagatayoney.com\/#\/schema\/person\/image\/\",\"url\":\"https:\/\/secure.gravatar.com\/avatar\/666af91777a6180e269af38e58349c1bd120a784de3b982afddb34547376e57e?s=96&d=mm&r=g\",\"contentUrl\":\"https:\/\/secure.gravatar.com\/avatar\/666af91777a6180e269af38e58349c1bd120a784de3b982afddb34547376e57e?s=96&d=mm&r=g\",\"caption\":\"\u00c7a\u011fatay \u00d6ney\"},\"logo\":{\"@id\":\"https:\/\/cagatayoney.com\/#\/schema\/person\/image\/\"},\"sameAs\":[\"http:\/\/cagatayoney.com\"]}]}<\/script>\n<!-- \/ Yoast SEO plugin. -->","yoast_head_json":{"title":"Hakk\u0131mda - \u00c7a\u011fatay \u00d6ney","robots":{"index":"index","follow":"follow","max-snippet":"max-snippet:-1","max-image-preview":"max-image-preview:large","max-video-preview":"max-video-preview:-1"},"canonical":"https:\/\/cagatayoney.com\/?page_id=88","og_locale":"tr_TR","og_type":"article","og_title":"Hakk\u0131mda - \u00c7a\u011fatay \u00d6ney","og_description":"Merhaba! Ben bir Bilgisayar M\u00fchendisiyim ve Ondokuz May\u0131s \u00dcniversitesi&#8217;nden mezun oldum. \u00d6zellikle mobil uygulama geli\u015ftirme alan\u0131nda kendimi geli\u015ftirmeye devam ediyorum. Kariyerim boyunca farkl\u0131 projelerde \u00e7al\u0131\u015farak becerilerimi s\u00fcrekli geli\u015ftiriyor ve en son teknolojileri takip ederek kendimi g\u00fcncel tutmaya \u00f6zen g\u00f6steriyorum. \u0130\u015f deneyimlerime gelince, Taptoweb \u015firketinde 3 ay boyunca React Native kullanarak [&hellip;]","og_url":"https:\/\/cagatayoney.com\/?page_id=88","og_site_name":"\u00c7a\u011fatay \u00d6ney","article_modified_time":"2024-05-21T07:42:35+00:00","og_image":[{"width":2560,"height":1344,"url":"https:\/\/cagatayoney.com\/wp-content\/uploads\/2023\/06\/stylish-soft-blue-curve-lines-abstract-background-scaled.jpg","type":"image\/jpeg"}],"twitter_card":"summary_large_image","twitter_misc":{"Tahmini okuma s\u00fcresi":"3 dakika"},"schema":{"@context":"https:\/\/schema.org","@graph":[{"@type":"WebPage","@id":"https:\/\/cagatayoney.com\/?page_id=88","url":"https:\/\/cagatayoney.com\/?page_id=88","name":"Hakk\u0131mda - \u00c7a\u011fatay \u00d6ney","isPartOf":{"@id":"https:\/\/cagatayoney.com\/#website"},"primaryImageOfPage":{"@id":"https:\/\/cagatayoney.com\/?page_id=88#primaryimage"},"image":{"@id":"https:\/\/cagatayoney.com\/?page_id=88#primaryimage"},"thumbnailUrl":"https:\/\/cagatayoney.com\/wp-content\/uploads\/2023\/06\/stylish-soft-blue-curve-lines-abstract-background-scaled.jpg","datePublished":"2023-05-20T15:13:35+00:00","dateModified":"2024-05-21T07:42:35+00:00","breadcrumb":{"@id":"https:\/\/cagatayoney.com\/?page_id=88#breadcrumb"},"inLanguage":"tr","potentialAction":[{"@type":"ReadAction","target":["https:\/\/cagatayoney.com\/?page_id=88"]}]},{"@type":"ImageObject","inLanguage":"tr","@id":"https:\/\/cagatayoney.com\/?page_id=88#primaryimage","url":"https:\/\/cagatayoney.com\/wp-content\/uploads\/2023\/06\/stylish-soft-blue-curve-lines-abstract-background-scaled.jpg","contentUrl":"https:\/\/cagatayoney.com\/wp-content\/uploads\/2023\/06\/stylish-soft-blue-curve-lines-abstract-background-scaled.jpg","width":2560,"height":1344,"caption":"stylish soft blue curve lines abstract background"},{"@type":"BreadcrumbList","@id":"https:\/\/cagatayoney.com\/?page_id=88#breadcrumb","itemListElement":[{"@type":"ListItem","position":1,"name":"Anasayfa","item":"https:\/\/cagatayoney.com\/"},{"@type":"ListItem","position":2,"name":"Hakk\u0131mda"}]},{"@type":"WebSite","@id":"https:\/\/cagatayoney.com\/#website","url":"https:\/\/cagatayoney.com\/","name":"\u00c7a\u011fatay \u00d6ney","description":"Mobile Application Developer","publisher":{"@id":"https:\/\/cagatayoney.com\/#\/schema\/person\/cc1feeedb5532cdba38ff10ec28b2bd3"},"potentialAction":[{"@type":"SearchAction","target":{"@type":"EntryPoint","urlTemplate":"https:\/\/cagatayoney.com\/?s={search_term_string}"},"query-input":"required name=search_term_string"}],"inLanguage":"tr"},{"@type":["Person","Organization"],"@id":"https:\/\/cagatayoney.com\/#\/schema\/person\/cc1feeedb5532cdba38ff10ec28b2bd3","name":"\u00c7a\u011fatay \u00d6ney","image":{"@type":"ImageObject","inLanguage":"tr","@id":"https:\/\/cagatayoney.com\/#\/schema\/person\/image\/","url":"https:\/\/secure.gravatar.com\/avatar\/666af91777a6180e269af38e58349c1bd120a784de3b982afddb34547376e57e?s=96&d=mm&r=g","contentUrl":"https:\/\/secure.gravatar.com\/avatar\/666af91777a6180e269af38e58349c1bd120a784de3b982afddb34547376e57e?s=96&d=mm&r=g","caption":"\u00c7a\u011fatay \u00d6ney"},"logo":{"@id":"https:\/\/cagatayoney.com\/#\/schema\/person\/image\/"},"sameAs":["http:\/\/cagatayoney.com"]}]}},"_links":{"self":[{"href":"https:\/\/cagatayoney.com\/index.php?rest_route=\/wp\/v2\/pages\/88","targetHints":{"allow":["GET"]}}],"collection":[{"href":"https:\/\/cagatayoney.com\/index.php?rest_route=\/wp\/v2\/pages"}],"about":[{"href":"https:\/\/cagatayoney.com\/index.php?rest_route=\/wp\/v2\/types\/page"}],"author":[{"embeddable":true,"href":"https:\/\/cagatayoney.com\/index.php?rest_route=\/wp\/v2\/users\/1"}],"replies":[{"embeddable":true,"href":"https:\/\/cagatayoney.com\/index.php?rest_route=%2Fwp%2Fv2%2Fcomments&post=88"}],"version-history":[{"count":17,"href":"https:\/\/cagatayoney.com\/index.php?rest_route=\/wp\/v2\/pages\/88\/revisions"}],"predecessor-version":[{"id":305,"href":"https:\/\/cagatayoney.com\/index.php?rest_route=\/wp\/v2\/pages\/88\/revisions\/305"}],"wp:featuredmedia":[{"embeddable":true,"href":"https:\/\/cagatayoney.com\/index.php?rest_route=\/wp\/v2\/media\/237"}],"wp:attachment":[{"href":"https:\/\/cagatayoney.com\/index.php?rest_route=%2Fwp%2Fv2%2Fmedia&parent=88"}],"curies":[{"name":"wp","href":"https:\/\/api.w.org\/{rel}","templated":true}]}}