{"id":13,"date":"2023-05-14T14:45:58","date_gmt":"2023-05-14T14:45:58","guid":{"rendered":"http:\/\/cagatayoney.com\/?page_id=13"},"modified":"2023-05-26T17:45:46","modified_gmt":"2023-05-26T17:45:46","slug":"home","status":"publish","type":"page","link":"https:\/\/cagatayoney.com\/","title":{"rendered":"Ana Sayfa"},"content":{"rendered":"\n<div class=\"wp-block-cover alignfull is-light hestia-clear-top-padding\"><span aria-hidden=\"true\" class=\"wp-block-cover__background has-white-background-color has-background-dim-100 has-background-dim\"><\/span><div class=\"wp-block-cover__inner-container is-layout-flow wp-block-cover-is-layout-flow\">\n<h2 class=\"wp-block-heading has-text-align-center has-text-color\" style=\"color:#3c4858\">Uygulamalar\u0131m<\/h2>\n\n\n\n<div style=\"height:40px\" aria-hidden=\"true\" class=\"wp-block-spacer\"><\/div>\n\n\n\n<div class=\"wp-block-columns container is-layout-flex wp-container-core-columns-is-layout-9d6595d7 wp-block-columns-is-layout-flex\">\n<div class=\"wp-block-column is-layout-flow wp-block-column-is-layout-flow\"><div class=\"wp-block-image\">\n<figure class=\"aligncenter size-large\"><img decoding=\"async\" src=\"http:\/\/cagatayoney.com\/wp-content\/themes\/hestia\/assets\/img\/feat1.png\" alt=\"\" class=\"wp-image-70\"\/><\/figure>\n<\/div>\n\n\n<h5 class=\"wp-block-heading has-text-align-center has-text-color\" style=\"color:#3c4858;font-size:18px\">AI Artworkout<\/h5>\n\n\n\n<p class=\"has-text-align-center has-text-color\" style=\"color:#999999;font-size:14px\">Diledi\u011finiz yaz\u0131dan olu\u015fturabilece\u011finiz foto\u011fraflar ve videolar\u0131 i\u00e7eren bir uygulama. Ayn\u0131 zamanda galerinizdeki diledi\u011finiz foto\u011fraf\u0131n kalitesini y\u00fckseltebilir, arka plan\u0131 temizleyip yeni bir arka plan koyman\u0131za olanak sa\u011flar ve renkli foto\u011fraflar\u0131n\u0131z\u0131 siyah beyaz, siyah beyaz foto\u011fraflar\u0131n\u0131z\u0131 ise renklendirebilirsiniz.<\/p>\n\n\n\n<div style=\"height:25px\" aria-hidden=\"true\" class=\"wp-block-spacer\"><\/div>\n<\/div>\n\n\n\n<div class=\"wp-block-column is-layout-flow wp-block-column-is-layout-flow\"><div class=\"wp-block-image\">\n<figure class=\"aligncenter size-large\"><img decoding=\"async\" src=\"http:\/\/cagatayoney.com\/wp-content\/themes\/hestia\/assets\/img\/feat2.png\" alt=\"\" class=\"wp-image-71\"\/><\/figure>\n<\/div>\n\n\n<h5 class=\"wp-block-heading has-text-align-center has-text-color\" style=\"color:#3c4858;font-size:18px\">Phone Tracker<\/h5>\n\n\n\n<p class=\"has-text-align-center has-text-color\" style=\"color:#999999;font-size:14px\">Dilerseniz rehberinizden dilerseniz de telefon numaras\u0131 girerek ki\u015finin konumunu g\u00f6rebilirsiniz.<\/p>\n\n\n\n<div style=\"height:25px\" aria-hidden=\"true\" class=\"wp-block-spacer\"><\/div>\n<\/div>\n\n\n\n<div class=\"wp-block-column is-layout-flow wp-block-column-is-layout-flow\"><div class=\"wp-block-image\">\n<figure class=\"aligncenter size-large\"><img decoding=\"async\" src=\"http:\/\/cagatayoney.com\/wp-content\/themes\/hestia\/assets\/img\/feat3.png\" alt=\"\" class=\"wp-image-72\"\/><\/figure>\n<\/div>\n\n\n<h5 class=\"wp-block-heading has-text-align-center has-text-color\" style=\"color:#3c4858;font-size:18px\">Get Followers<\/h5>\n\n\n\n<p class=\"has-text-align-center has-text-color\" style=\"color:#999999;font-size:14px\">Sadece bir yaz\u0131 ile foto\u011fraf, a\u00e7\u0131klama ve hashtag olu\u015fturarak haz\u0131r bir post elde edebilirsiniz. Dilerseniz bu \u00f6zelliklerin her birini ayr\u0131 ayr\u0131 ger\u00e7ekle\u015ftirebilece\u011finiz gibi galerinizdeki foto\u011fraflarla ba\u011flant\u0131l\u0131 a\u00e7\u0131klama ve hashtag elde edebilirsiniz.<\/p>\n\n\n\n<div style=\"height:25px\" aria-hidden=\"true\" class=\"wp-block-spacer\"><\/div>\n<\/div>\n<\/div>\n\n\n\n<figure class=\"wp-block-gallery aligncenter has-nested-images columns-default is-cropped wp-block-gallery-1 is-layout-flex wp-block-gallery-is-layout-flex\"><div class=\"wp-block-image is-style-default\">\n<figure class=\"aligncenter size-large\"><img decoding=\"async\" data-id=\"72\" src=\"http:\/\/cagatayoney.com\/wp-content\/themes\/hestia\/assets\/img\/feat3.png\" alt=\"\" class=\"wp-image-72\"\/><\/figure>\n<\/div><\/figure>\n\n\n\n<h5 class=\"wp-block-heading has-text-align-center has-text-color\" style=\"color:#3c4858;font-size:18px\">Quote Possitive Affirmations Daily<\/h5>\n\n\n\n<p class=\"has-text-align-center has-text-color\" style=\"color:#999999;font-size:14px\">Uygulama i\u00e7erisinde y\u00fckl\u00fc bulunan binlerce \u00f6zl\u00fc s\u00f6zleri, temalar\u0131 ve m\u00fczikleri kullanarak bir post olu\u015fturabilirsiniz. Dilerseniz galerinizden se\u00e7ti\u011finiz bir foto\u011fraf \u00fczerine s\u00f6zleri yerle\u015ftirebilir, dilerseniz de kendiniz bir s\u00f6z olu\u015fturarak bu \u00f6zellikleri kullanabilirsiniz.<\/p>\n<\/div><\/div>\n\n\n\n<div class=\"wp-block-columns container is-layout-flex wp-container-core-columns-is-layout-9d6595d7 wp-block-columns-is-layout-flex\">\n<div class=\"wp-block-column col-md-5 is-layout-flow wp-block-column-is-layout-flow\">\n<div style=\"height:55px\" aria-hidden=\"true\" class=\"wp-block-spacer\"><\/div>\n\n\n\n<h2 class=\"wp-block-heading\">Hakk\u0131mda<\/h2>\n\n\n\n<p>Merhaba! Ben bir Bilgisayar M\u00fchendisiyim ve Ondokuz May\u0131s \u00dcniversitesi\u2019nden mezun oldum. \u00d6zellikle mobil uygulama geli\u015ftirme alan\u0131nda kendimi geli\u015ftirmeye devam ediyorum. Kariyerim boyunca farkl\u0131 projelerde \u00e7al\u0131\u015farak becerilerimi s\u00fcrekli geli\u015ftiriyor ve en son teknolojileri takip ederek kendimi g\u00fcncel tutmaya \u00f6zen g\u00f6steriyorum.<\/p>\n\n\n\n<p>\u0130\u015f deneyimlerime gelince,&nbsp;<a href=\"https:\/\/taptoweb.com\/anasayfa.html\">Taptoweb<\/a>&nbsp;\u015firketinde 3 ay boyunca React Native kullanarak mobil uygulama geli\u015ftirdim. Proje ekibiyle i\u015fbirli\u011fi yaparak, m\u00fc\u015fteri gereksinimlerini anlad\u0131k ve bu gereksinimleri etkileyici ve i\u015flevsel mobil uygulamalara d\u00f6n\u00fc\u015ft\u00fcrmek i\u00e7in \u00e7al\u0131\u015ft\u0131k.<\/p>\n\n\n\n<p>Daha sonra&nbsp;<a href=\"http:\/\/gdholding.com.tr\/\">GD Holding<\/a>&nbsp;\u015firketinde Flutter kullanarak mobil uygulama geli\u015ftirmeye devam ettim. Flutter\u2019\u0131n h\u0131zl\u0131 geli\u015ftirme s\u00fcreci, zengin widget koleksiyonu ve performans avantajlar\u0131 sayesinde bu teknolojiye hayran kald\u0131m. GD Holding \u015firketindeki projelerde, kullan\u0131c\u0131 deneyimini \u00f6n planda tutarak \u015f\u0131k ve kullan\u0131\u015fl\u0131 uygulamalar tasarlamak i\u00e7in Flutter\u2019\u0131n sundu\u011fu olanaklar\u0131 maksimum d\u00fczeyde kulland\u0131m. Firebase entegrasyonunu kullanarak kullan\u0131c\u0131 verilerini depolad\u0131k ve oturum y\u00f6netimi sa\u011flad\u0131k. Node.js ile yazd\u0131\u011f\u0131m cloud kodlar sayesinde uygulama ile sunucu aras\u0131nda ileti\u015fim kurduk ve veri i\u015flemlerini ger\u00e7ekle\u015ftirdik. Python kullanarak veritaban\u0131 i\u015flemlerini h\u0131zl\u0131ca ger\u00e7ekle\u015ftirdim. Ekip i\u00e7inde aktif olarak ileti\u015fim kurarak, proje hedeflerini ger\u00e7ekle\u015ftirmek i\u00e7in birlikte \u00e7al\u0131\u015ft\u0131k ve ba\u015far\u0131yla tamamlad\u0131k.<\/p>\n\n\n\n<p>Benim i\u00e7in mobil uygulama geli\u015ftirme sadece bir i\u015f de\u011fil, ayn\u0131 zamanda bir tutku. S\u00fcrekli yeni \u015feyler \u00f6\u011frenmek, yenilik\u00e7i \u00e7\u00f6z\u00fcmler \u00fcretmek ve kullan\u0131c\u0131lar\u0131n hayat\u0131n\u0131 kolayla\u015ft\u0131racak mobil uygulamalar yaratmak benim i\u00e7in b\u00fcy\u00fck bir keyiftir.<\/p>\n\n\n\n<p>Bu sitemde, mobil uygulama geli\u015ftirme alan\u0131ndaki deneyimlerimi ve bilgilerimi payla\u015fmak istiyorum. Burada, React Native ve Flutter gibi pop\u00fcler \u00e7er\u00e7eveler hakk\u0131nda ipu\u00e7lar\u0131, geli\u015ftirme teknikleri ve en iyi uygulamalarla ilgili makaleler bulabilirsiniz. Ayr\u0131ca, genel olarak mobil uygulama geli\u015ftirme s\u00fcreciyle ilgili rehberlik ve ilham verici i\u00e7erikler de sunmay\u0131 hedefliyorum.<\/p>\n\n\n\n<p>E\u011fer siz de mobil uygulama geli\u015ftirmeyle ilgileniyorsan\u0131z veya bir proje i\u00e7in deste\u011fe ihtiyac\u0131n\u0131z varsa, sizi y\u00f6nlendirmek veya yard\u0131mc\u0131 olmak i\u00e7in buraday\u0131m.<\/p>\n\n\n\n<p>Te\u015fekk\u00fcr ederim ve siteme ho\u015f geldiniz!<\/p>\n<\/div>\n\n\n\n<div class=\"wp-block-column col-md-6 col-md-offset1 is-layout-flow wp-block-column-is-layout-flow\">\n<div style=\"height:55px\" aria-hidden=\"true\" class=\"wp-block-spacer\"><\/div>\n\n\n\n<figure class=\"wp-block-image size-large\"><img decoding=\"async\" src=\"http:\/\/cagatayoney.com\/wp-content\/themes\/hestia\/assets\/img\/about-content.png\" alt=\"\" class=\"wp-image-81\"\/><\/figure>\n\n\n\n<p><\/p>\n<\/div>\n<\/div>\n","protected":false},"excerpt":{"rendered":"<p>Hakk\u0131mda Merhaba! Ben bir Bilgisayar M\u00fchendisiyim ve Ondokuz May\u0131s \u00dcniversitesi\u2019nden mezun oldum. \u00d6zellikle mobil uygulama geli\u015ftirme alan\u0131nda kendimi geli\u015ftirmeye devam ediyorum. Kariyerim boyunca farkl\u0131 projelerde \u00e7al\u0131\u015farak becerilerimi s\u00fcrekli geli\u015ftiriyor ve en son teknolojileri takip ederek kendimi g\u00fcncel tutmaya \u00f6zen g\u00f6steriyorum. \u0130\u015f deneyimlerime gelince,&nbsp;Taptoweb&nbsp;\u015firketinde 3 ay boyunca React Native kullanarak mobil [&hellip;]<\/p>\n","protected":false},"author":1,"featured_media":23,"parent":0,"menu_order":0,"comment_status":"closed","ping_status":"closed","template":"","meta":{"footnotes":""},"class_list":["post-13","page","type-page","status-publish","has-post-thumbnail","hentry"],"yoast_head":"<!-- This site is optimized with the Yoast SEO plugin v22.2 - https:\/\/yoast.com\/wordpress\/plugins\/seo\/ -->\n<title>Ana Sayfa - \u00c7a\u011fatay \u00d6ney<\/title>\n<meta name=\"robots\" content=\"index, follow, max-snippet:-1, max-image-preview:large, max-video-preview:-1\" \/>\n<link rel=\"canonical\" href=\"https:\/\/cagatayoney.com\/\" \/>\n<meta property=\"og:locale\" content=\"tr_TR\" \/>\n<meta property=\"og:type\" content=\"article\" \/>\n<meta property=\"og:title\" content=\"Ana Sayfa - \u00c7a\u011fatay \u00d6ney\" \/>\n<meta property=\"og:description\" content=\"Hakk\u0131mda Merhaba! Ben bir Bilgisayar M\u00fchendisiyim ve Ondokuz May\u0131s \u00dcniversitesi\u2019nden mezun oldum. \u00d6zellikle mobil uygulama geli\u015ftirme alan\u0131nda kendimi geli\u015ftirmeye devam ediyorum. Kariyerim boyunca farkl\u0131 projelerde \u00e7al\u0131\u015farak becerilerimi s\u00fcrekli geli\u015ftiriyor ve en son teknolojileri takip ederek kendimi g\u00fcncel tutmaya \u00f6zen g\u00f6steriyorum. \u0130\u015f deneyimlerime gelince,&nbsp;Taptoweb&nbsp;\u015firketinde 3 ay boyunca React Native kullanarak mobil [&hellip;]\" \/>\n<meta property=\"og:url\" content=\"https:\/\/cagatayoney.com\/\" \/>\n<meta property=\"og:site_name\" content=\"\u00c7a\u011fatay \u00d6ney\" \/>\n<meta property=\"article:modified_time\" content=\"2023-05-26T17:45:46+00:00\" \/>\n<meta property=\"og:image\" content=\"https:\/\/cagatayoney.com\/wp-content\/uploads\/2023\/05\/258-scaled.jpg\" \/>\n\t<meta property=\"og:image:width\" content=\"2560\" \/>\n\t<meta property=\"og:image:height\" content=\"1111\" \/>\n\t<meta property=\"og:image:type\" content=\"image\/jpeg\" \/>\n<meta name=\"twitter:card\" content=\"summary_large_image\" \/>\n<meta name=\"twitter:label1\" content=\"Tahmini okuma s\u00fcresi\" \/>\n\t<meta name=\"twitter:data1\" content=\"4 dakika\" \/>\n<script type=\"application\/ld+json\" class=\"yoast-schema-graph\">{\"@context\":\"https:\/\/schema.org\",\"@graph\":[{\"@type\":\"WebPage\",\"@id\":\"https:\/\/cagatayoney.com\/\",\"url\":\"https:\/\/cagatayoney.com\/\",\"name\":\"Ana Sayfa - \u00c7a\u011fatay \u00d6ney\",\"isPartOf\":{\"@id\":\"https:\/\/cagatayoney.com\/#website\"},\"primaryImageOfPage\":{\"@id\":\"https:\/\/cagatayoney.com\/#primaryimage\"},\"image\":{\"@id\":\"https:\/\/cagatayoney.com\/#primaryimage\"},\"thumbnailUrl\":\"https:\/\/cagatayoney.com\/wp-content\/uploads\/2023\/05\/258-scaled.jpg\",\"datePublished\":\"2023-05-14T14:45:58+00:00\",\"dateModified\":\"2023-05-26T17:45:46+00:00\",\"breadcrumb\":{\"@id\":\"https:\/\/cagatayoney.com\/#breadcrumb\"},\"inLanguage\":\"tr\",\"potentialAction\":[{\"@type\":\"ReadAction\",\"target\":[\"https:\/\/cagatayoney.com\/\"]}]},{\"@type\":\"ImageObject\",\"inLanguage\":\"tr\",\"@id\":\"https:\/\/cagatayoney.com\/#primaryimage\",\"url\":\"https:\/\/cagatayoney.com\/wp-content\/uploads\/2023\/05\/258-scaled.jpg\",\"contentUrl\":\"https:\/\/cagatayoney.com\/wp-content\/uploads\/2023\/05\/258-scaled.jpg\",\"width\":2560,\"height\":1111,\"caption\":\"Mobile document manager business concept vector isometric illustration. Smartphone on purple ultraviolet background with information waterfall or big data stream, vertical banner or landing webpage\"},{\"@type\":\"BreadcrumbList\",\"@id\":\"https:\/\/cagatayoney.com\/#breadcrumb\",\"itemListElement\":[{\"@type\":\"ListItem\",\"position\":1,\"name\":\"Anasayfa\",\"item\":\"https:\/\/cagatayoney.com\/\"},{\"@type\":\"ListItem\",\"position\":2,\"name\":\"Ana Sayfa\"}]},{\"@type\":\"WebSite\",\"@id\":\"https:\/\/cagatayoney.com\/#website\",\"url\":\"https:\/\/cagatayoney.com\/\",\"name\":\"\u00c7a\u011fatay \u00d6ney\",\"description\":\"Mobile Application Developer\",\"publisher\":{\"@id\":\"https:\/\/cagatayoney.com\/#\/schema\/person\/cc1feeedb5532cdba38ff10ec28b2bd3\"},\"potentialAction\":[{\"@type\":\"SearchAction\",\"target\":{\"@type\":\"EntryPoint\",\"urlTemplate\":\"https:\/\/cagatayoney.com\/?s={search_term_string}\"},\"query-input\":\"required name=search_term_string\"}],\"inLanguage\":\"tr\"},{\"@type\":[\"Person\",\"Organization\"],\"@id\":\"https:\/\/cagatayoney.com\/#\/schema\/person\/cc1feeedb5532cdba38ff10ec28b2bd3\",\"name\":\"\u00c7a\u011fatay \u00d6ney\",\"image\":{\"@type\":\"ImageObject\",\"inLanguage\":\"tr\",\"@id\":\"https:\/\/cagatayoney.com\/#\/schema\/person\/image\/\",\"url\":\"https:\/\/secure.gravatar.com\/avatar\/666af91777a6180e269af38e58349c1bd120a784de3b982afddb34547376e57e?s=96&d=mm&r=g\",\"contentUrl\":\"https:\/\/secure.gravatar.com\/avatar\/666af91777a6180e269af38e58349c1bd120a784de3b982afddb34547376e57e?s=96&d=mm&r=g\",\"caption\":\"\u00c7a\u011fatay \u00d6ney\"},\"logo\":{\"@id\":\"https:\/\/cagatayoney.com\/#\/schema\/person\/image\/\"},\"sameAs\":[\"http:\/\/cagatayoney.com\"]}]}<\/script>\n<!-- \/ Yoast SEO plugin. -->","yoast_head_json":{"title":"Ana Sayfa - \u00c7a\u011fatay \u00d6ney","robots":{"index":"index","follow":"follow","max-snippet":"max-snippet:-1","max-image-preview":"max-image-preview:large","max-video-preview":"max-video-preview:-1"},"canonical":"https:\/\/cagatayoney.com\/","og_locale":"tr_TR","og_type":"article","og_title":"Ana Sayfa - \u00c7a\u011fatay \u00d6ney","og_description":"Hakk\u0131mda Merhaba! Ben bir Bilgisayar M\u00fchendisiyim ve Ondokuz May\u0131s \u00dcniversitesi\u2019nden mezun oldum. \u00d6zellikle mobil uygulama geli\u015ftirme alan\u0131nda kendimi geli\u015ftirmeye devam ediyorum. Kariyerim boyunca farkl\u0131 projelerde \u00e7al\u0131\u015farak becerilerimi s\u00fcrekli geli\u015ftiriyor ve en son teknolojileri takip ederek kendimi g\u00fcncel tutmaya \u00f6zen g\u00f6steriyorum. \u0130\u015f deneyimlerime gelince,&nbsp;Taptoweb&nbsp;\u015firketinde 3 ay boyunca React Native kullanarak mobil [&hellip;]","og_url":"https:\/\/cagatayoney.com\/","og_site_name":"\u00c7a\u011fatay \u00d6ney","article_modified_time":"2023-05-26T17:45:46+00:00","og_image":[{"width":2560,"height":1111,"url":"https:\/\/cagatayoney.com\/wp-content\/uploads\/2023\/05\/258-scaled.jpg","type":"image\/jpeg"}],"twitter_card":"summary_large_image","twitter_misc":{"Tahmini okuma s\u00fcresi":"4 dakika"},"schema":{"@context":"https:\/\/schema.org","@graph":[{"@type":"WebPage","@id":"https:\/\/cagatayoney.com\/","url":"https:\/\/cagatayoney.com\/","name":"Ana Sayfa - \u00c7a\u011fatay \u00d6ney","isPartOf":{"@id":"https:\/\/cagatayoney.com\/#website"},"primaryImageOfPage":{"@id":"https:\/\/cagatayoney.com\/#primaryimage"},"image":{"@id":"https:\/\/cagatayoney.com\/#primaryimage"},"thumbnailUrl":"https:\/\/cagatayoney.com\/wp-content\/uploads\/2023\/05\/258-scaled.jpg","datePublished":"2023-05-14T14:45:58+00:00","dateModified":"2023-05-26T17:45:46+00:00","breadcrumb":{"@id":"https:\/\/cagatayoney.com\/#breadcrumb"},"inLanguage":"tr","potentialAction":[{"@type":"ReadAction","target":["https:\/\/cagatayoney.com\/"]}]},{"@type":"ImageObject","inLanguage":"tr","@id":"https:\/\/cagatayoney.com\/#primaryimage","url":"https:\/\/cagatayoney.com\/wp-content\/uploads\/2023\/05\/258-scaled.jpg","contentUrl":"https:\/\/cagatayoney.com\/wp-content\/uploads\/2023\/05\/258-scaled.jpg","width":2560,"height":1111,"caption":"Mobile document manager business concept vector isometric illustration. Smartphone on purple ultraviolet background with information waterfall or big data stream, vertical banner or landing webpage"},{"@type":"BreadcrumbList","@id":"https:\/\/cagatayoney.com\/#breadcrumb","itemListElement":[{"@type":"ListItem","position":1,"name":"Anasayfa","item":"https:\/\/cagatayoney.com\/"},{"@type":"ListItem","position":2,"name":"Ana Sayfa"}]},{"@type":"WebSite","@id":"https:\/\/cagatayoney.com\/#website","url":"https:\/\/cagatayoney.com\/","name":"\u00c7a\u011fatay \u00d6ney","description":"Mobile Application Developer","publisher":{"@id":"https:\/\/cagatayoney.com\/#\/schema\/person\/cc1feeedb5532cdba38ff10ec28b2bd3"},"potentialAction":[{"@type":"SearchAction","target":{"@type":"EntryPoint","urlTemplate":"https:\/\/cagatayoney.com\/?s={search_term_string}"},"query-input":"required name=search_term_string"}],"inLanguage":"tr"},{"@type":["Person","Organization"],"@id":"https:\/\/cagatayoney.com\/#\/schema\/person\/cc1feeedb5532cdba38ff10ec28b2bd3","name":"\u00c7a\u011fatay \u00d6ney","image":{"@type":"ImageObject","inLanguage":"tr","@id":"https:\/\/cagatayoney.com\/#\/schema\/person\/image\/","url":"https:\/\/secure.gravatar.com\/avatar\/666af91777a6180e269af38e58349c1bd120a784de3b982afddb34547376e57e?s=96&d=mm&r=g","contentUrl":"https:\/\/secure.gravatar.com\/avatar\/666af91777a6180e269af38e58349c1bd120a784de3b982afddb34547376e57e?s=96&d=mm&r=g","caption":"\u00c7a\u011fatay \u00d6ney"},"logo":{"@id":"https:\/\/cagatayoney.com\/#\/schema\/person\/image\/"},"sameAs":["http:\/\/cagatayoney.com"]}]}},"_links":{"self":[{"href":"https:\/\/cagatayoney.com\/index.php?rest_route=\/wp\/v2\/pages\/13","targetHints":{"allow":["GET"]}}],"collection":[{"href":"https:\/\/cagatayoney.com\/index.php?rest_route=\/wp\/v2\/pages"}],"about":[{"href":"https:\/\/cagatayoney.com\/index.php?rest_route=\/wp\/v2\/types\/page"}],"author":[{"embeddable":true,"href":"https:\/\/cagatayoney.com\/index.php?rest_route=\/wp\/v2\/users\/1"}],"replies":[{"embeddable":true,"href":"https:\/\/cagatayoney.com\/index.php?rest_route=%2Fwp%2Fv2%2Fcomments&post=13"}],"version-history":[{"count":7,"href":"https:\/\/cagatayoney.com\/index.php?rest_route=\/wp\/v2\/pages\/13\/revisions"}],"predecessor-version":[{"id":185,"href":"https:\/\/cagatayoney.com\/index.php?rest_route=\/wp\/v2\/pages\/13\/revisions\/185"}],"wp:featuredmedia":[{"embeddable":true,"href":"https:\/\/cagatayoney.com\/index.php?rest_route=\/wp\/v2\/media\/23"}],"wp:attachment":[{"href":"https:\/\/cagatayoney.com\/index.php?rest_route=%2Fwp%2Fv2%2Fmedia&parent=13"}],"curies":[{"name":"wp","href":"https:\/\/api.w.org\/{rel}","templated":true}]}}